{"id":383,"date":"2018-04-03T08:39:11","date_gmt":"2018-04-03T08:39:11","guid":{"rendered":"https:\/\/pomagajmi.si\/?page_id=383"},"modified":"2024-01-26T18:04:02","modified_gmt":"2024-01-26T17:04:02","slug":"o-podjetju","status":"publish","type":"page","link":"https:\/\/pomagajmi.si\/de\/o-podjetju\/","title":{"rendered":"O nas"},"content":{"rendered":"<p><a href=\"https:\/\/pomagajmi.si\/wp-content\/uploads\/2023\/11\/Cream-Pastel-Cute-Natural-Glowing-Skin-Herbs-Infographic.svg\"><img fetchpriority=\"high\" decoding=\"async\" class=\"size-full wp-image-24462 aligncenter\" src=\"https:\/\/pomagajmi.si\/wp-content\/uploads\/2023\/11\/Cream-Pastel-Cute-Natural-Glowing-Skin-Herbs-Infographic.svg\" alt=\"\" width=\"800\" height=\"2000\" \/><\/a><\/p>\n<p>&nbsp;<\/p>\n<p><strong>Na\u0161e delo<\/strong><\/p>\n<p style=\"text-align: left;\">Na\u0161e delo usmerjamo v iskanje didakti\u010dnih pripomo\u010dkov in igra\u010d, ki pospe\u0161ujejo otrokove mentalne potenciale. \u201c<strong>Nau\u010dite otroka misliti<\/strong>\u201d\u00a0 in &#8220;<strong>Pomagaj mi, da naredim sam<\/strong>&#8221; sta\u00a0 slogana dveh svetovno priznanih strokovnjakov &#8211; dr. Ranka Rajovi\u0107a in Marie Montessori. Prav tako s pomo\u010djo razli\u010dnih strokovnjakov razvijamo metode za razvoj miselnih procesov pri otrocih.<\/p>\n<p>Skrbno izbiramo podjetja, ki izpolnjujejo visoke standarde kakovosti in stremijo k pristopom <strong>pridobivanja znanja z igro. <\/strong>Pomembno vlogo pri izbiri imajo podjetja, ki uporabljajo zdravju prijazne materiale in, ki\u00a0pospe\u0161ujejo otrokove fizi\u010dne in mentalne sposobnosti.<\/p>\n<p>Pomembno je, da star\u0161i in vzgojitelji vsakodnevno skrbijo, da se bo otrok razvijal v okolju, ki mu omogo\u010da razvoj mentalnih in telesnih potencialov.<\/p>\n<ul>\n<li>razvoj njegovih mentalnih in telesnih potencialov.<\/li>\n<\/ul>\n<p>Z uporabo na\u0161ih izdelkov se pri otroku razvijajo:<\/p>\n<p>&#8211; motori\u010dne sposobnosti \u00a0(ro\u010dne spretnosti, koordinacija, hitro reagiranje),<br \/>\n&#8211; \u010dutila (vonj, tip, sluh),<\/p>\n<p>&#8211; govor,<br \/>\n&#8211; miselne sposobnosti (re\u0161evanje problemov, urjenje spomina, posplo\u0161evanje),<br \/>\n&#8211; domi\u0161ljija (izmi\u0161ljanje, nove igre),<br \/>\n&#8211; ustvarjalnost, pridobivanje izku\u0161enj,<\/p>\n<p>&#8211;\u00a0 socializacija.<\/p>\n","protected":false},"excerpt":{"rendered":"<p>&nbsp; Na\u0161e delo Na\u0161e delo usmerjamo v iskanje didakti\u010dnih pripomo\u010dkov in igra\u010d, ki pospe\u0161ujejo otrokove mentalne potenciale. \u201cNau\u010dite otroka misliti\u201d\u00a0 in &#8220;Pomagaj mi, da naredim sam&#8221; sta\u00a0 slogana dveh svetovno priznanih strokovnjakov &#8211; dr. Ranka Rajovi\u0107a in Marie Montessori. Prav tako s pomo\u010djo razli\u010dnih strokovnjakov razvijamo metode za razvoj miselnih procesov pri otrocih. Skrbno izbiramo [&hellip;]<\/p>\n","protected":false},"author":1,"featured_media":0,"parent":0,"menu_order":0,"comment_status":"closed","ping_status":"closed","template":"","meta":{"footnotes":""},"class_list":["post-383","page","type-page","status-publish","hentry"],"yoast_head":"<!-- This site is optimized with the Yoast SEO plugin v21.5 - https:\/\/yoast.com\/wordpress\/plugins\/seo\/ -->\n<title>O nas - POMAGAJ MI Z IGRO DO ZNANJA<\/title>\n<meta name=\"description\" content=\"Spoznajte na\u0161e malo dru\u017einsko podjetje, ki kljub majhnosti premore veliko znanja :)\" \/>\n<meta name=\"robots\" content=\"index, follow, max-snippet:-1, max-image-preview:large, max-video-preview:-1\" \/>\n<link rel=\"canonical\" href=\"https:\/\/pomagajmi.si\/o-podjetju\/\" \/>\n<meta property=\"og:locale\" content=\"de_DE\" \/>\n<meta property=\"og:type\" content=\"article\" \/>\n<meta property=\"og:title\" content=\"O nas - POMAGAJ MI Z IGRO DO ZNANJA\" \/>\n<meta property=\"og:description\" content=\"Spoznajte na\u0161e malo dru\u017einsko podjetje, ki kljub majhnosti premore veliko znanja :)\" \/>\n<meta property=\"og:url\" content=\"https:\/\/pomagajmi.si\/o-podjetju\/\" \/>\n<meta property=\"og:site_name\" content=\"POMAGAJ MI Z IGRO DO ZNANJA\" \/>\n<meta property=\"article:modified_time\" content=\"2024-01-26T17:04:02+00:00\" \/>\n<meta property=\"og:image\" content=\"https:\/\/pomagajmi.si\/wp-content\/uploads\/2023\/11\/Cream-Pastel-Cute-Natural-Glowing-Skin-Herbs-Infographic.svg\" \/>\n<meta name=\"twitter:card\" content=\"summary_large_image\" \/>\n<meta name=\"twitter:label1\" content=\"Gesch\u00e4tzte Lesezeit\" \/>\n\t<meta name=\"twitter:data1\" content=\"2\u00a0Minuten\" \/>\n<script type=\"application\/ld+json\" class=\"yoast-schema-graph\">{\"@context\":\"https:\/\/schema.org\",\"@graph\":[{\"@type\":\"WebPage\",\"@id\":\"https:\/\/pomagajmi.si\/o-podjetju\/\",\"url\":\"https:\/\/pomagajmi.si\/o-podjetju\/\",\"name\":\"O nas - POMAGAJ MI Z IGRO DO ZNANJA\",\"isPartOf\":{\"@id\":\"https:\/\/pomagajmi.si\/#website\"},\"datePublished\":\"2018-04-03T08:39:11+00:00\",\"dateModified\":\"2024-01-26T17:04:02+00:00\",\"description\":\"Spoznajte na\u0161e malo dru\u017einsko podjetje, ki kljub majhnosti premore veliko znanja :)\",\"breadcrumb\":{\"@id\":\"https:\/\/pomagajmi.si\/o-podjetju\/#breadcrumb\"},\"inLanguage\":\"de\",\"potentialAction\":[{\"@type\":\"ReadAction\",\"target\":[\"https:\/\/pomagajmi.si\/o-podjetju\/\"]}]},{\"@type\":\"BreadcrumbList\",\"@id\":\"https:\/\/pomagajmi.si\/o-podjetju\/#breadcrumb\",\"itemListElement\":[{\"@type\":\"ListItem\",\"position\":1,\"name\":\"Domov\",\"item\":\"https:\/\/pomagajmi.si\/de\/\"},{\"@type\":\"ListItem\",\"position\":2,\"name\":\"O nas\"}]},{\"@type\":\"WebSite\",\"@id\":\"https:\/\/pomagajmi.si\/#website\",\"url\":\"https:\/\/pomagajmi.si\/\",\"name\":\"POMAGAJ MI Z IGRO DO ZNANJA\",\"description\":\"U\u010denje je igra, \u010de imate prave igra\u010de.\",\"publisher\":{\"@id\":\"https:\/\/pomagajmi.si\/#organization\"},\"potentialAction\":[{\"@type\":\"SearchAction\",\"target\":{\"@type\":\"EntryPoint\",\"urlTemplate\":\"https:\/\/pomagajmi.si\/?s={search_term_string}\"},\"query-input\":\"required name=search_term_string\"}],\"inLanguage\":\"de\"},{\"@type\":\"Organization\",\"@id\":\"https:\/\/pomagajmi.si\/#organization\",\"name\":\"POMAGAJ MI Z IGRO DO ZNANJA\",\"url\":\"https:\/\/pomagajmi.si\/\",\"logo\":{\"@type\":\"ImageObject\",\"inLanguage\":\"de\",\"@id\":\"https:\/\/pomagajmi.si\/#\/schema\/logo\/image\/\",\"url\":\"https:\/\/pomagajmi.si\/wp-content\/uploads\/2023\/10\/logo-150x150-1.jpg\",\"contentUrl\":\"https:\/\/pomagajmi.si\/wp-content\/uploads\/2023\/10\/logo-150x150-1.jpg\",\"width\":150,\"height\":150,\"caption\":\"POMAGAJ MI Z IGRO DO ZNANJA\"},\"image\":{\"@id\":\"https:\/\/pomagajmi.si\/#\/schema\/logo\/image\/\"}}]}<\/script>\n<!-- \/ Yoast SEO plugin. -->","yoast_head_json":{"title":"O nas - POMAGAJ MI Z IGRO DO ZNANJA","description":"Spoznajte na\u0161e malo dru\u017einsko podjetje, ki kljub majhnosti premore veliko znanja :)","robots":{"index":"index","follow":"follow","max-snippet":"max-snippet:-1","max-image-preview":"max-image-preview:large","max-video-preview":"max-video-preview:-1"},"canonical":"https:\/\/pomagajmi.si\/o-podjetju\/","og_locale":"de_DE","og_type":"article","og_title":"O nas - POMAGAJ MI Z IGRO DO ZNANJA","og_description":"Spoznajte na\u0161e malo dru\u017einsko podjetje, ki kljub majhnosti premore veliko znanja :)","og_url":"https:\/\/pomagajmi.si\/o-podjetju\/","og_site_name":"POMAGAJ MI Z IGRO DO ZNANJA","article_modified_time":"2024-01-26T17:04:02+00:00","og_image":[{"url":"https:\/\/pomagajmi.si\/wp-content\/uploads\/2023\/11\/Cream-Pastel-Cute-Natural-Glowing-Skin-Herbs-Infographic.svg"}],"twitter_card":"summary_large_image","twitter_misc":{"Gesch\u00e4tzte Lesezeit":"2\u00a0Minuten"},"schema":{"@context":"https:\/\/schema.org","@graph":[{"@type":"WebPage","@id":"https:\/\/pomagajmi.si\/o-podjetju\/","url":"https:\/\/pomagajmi.si\/o-podjetju\/","name":"O nas - POMAGAJ MI Z IGRO DO ZNANJA","isPartOf":{"@id":"https:\/\/pomagajmi.si\/#website"},"datePublished":"2018-04-03T08:39:11+00:00","dateModified":"2024-01-26T17:04:02+00:00","description":"Spoznajte na\u0161e malo dru\u017einsko podjetje, ki kljub majhnosti premore veliko znanja :)","breadcrumb":{"@id":"https:\/\/pomagajmi.si\/o-podjetju\/#breadcrumb"},"inLanguage":"de","potentialAction":[{"@type":"ReadAction","target":["https:\/\/pomagajmi.si\/o-podjetju\/"]}]},{"@type":"BreadcrumbList","@id":"https:\/\/pomagajmi.si\/o-podjetju\/#breadcrumb","itemListElement":[{"@type":"ListItem","position":1,"name":"Domov","item":"https:\/\/pomagajmi.si\/de\/"},{"@type":"ListItem","position":2,"name":"O nas"}]},{"@type":"WebSite","@id":"https:\/\/pomagajmi.si\/#website","url":"https:\/\/pomagajmi.si\/","name":"POMAGAJ MI Z IGRO DO ZNANJA","description":"U\u010denje je igra, \u010de imate prave igra\u010de.","publisher":{"@id":"https:\/\/pomagajmi.si\/#organization"},"potentialAction":[{"@type":"SearchAction","target":{"@type":"EntryPoint","urlTemplate":"https:\/\/pomagajmi.si\/?s={search_term_string}"},"query-input":"required name=search_term_string"}],"inLanguage":"de"},{"@type":"Organization","@id":"https:\/\/pomagajmi.si\/#organization","name":"POMAGAJ MI Z IGRO DO ZNANJA","url":"https:\/\/pomagajmi.si\/","logo":{"@type":"ImageObject","inLanguage":"de","@id":"https:\/\/pomagajmi.si\/#\/schema\/logo\/image\/","url":"https:\/\/pomagajmi.si\/wp-content\/uploads\/2023\/10\/logo-150x150-1.jpg","contentUrl":"https:\/\/pomagajmi.si\/wp-content\/uploads\/2023\/10\/logo-150x150-1.jpg","width":150,"height":150,"caption":"POMAGAJ MI Z IGRO DO ZNANJA"},"image":{"@id":"https:\/\/pomagajmi.si\/#\/schema\/logo\/image\/"}}]}},"_links":{"self":[{"href":"https:\/\/pomagajmi.si\/de\/wp-json\/wp\/v2\/pages\/383"}],"collection":[{"href":"https:\/\/pomagajmi.si\/de\/wp-json\/wp\/v2\/pages"}],"about":[{"href":"https:\/\/pomagajmi.si\/de\/wp-json\/wp\/v2\/types\/page"}],"author":[{"embeddable":true,"href":"https:\/\/pomagajmi.si\/de\/wp-json\/wp\/v2\/users\/1"}],"replies":[{"embeddable":true,"href":"https:\/\/pomagajmi.si\/de\/wp-json\/wp\/v2\/comments?post=383"}],"version-history":[{"count":3,"href":"https:\/\/pomagajmi.si\/de\/wp-json\/wp\/v2\/pages\/383\/revisions"}],"predecessor-version":[{"id":24935,"href":"https:\/\/pomagajmi.si\/de\/wp-json\/wp\/v2\/pages\/383\/revisions\/24935"}],"wp:attachment":[{"href":"https:\/\/pomagajmi.si\/de\/wp-json\/wp\/v2\/media?parent=383"}],"curies":[{"name":"wp","href":"https:\/\/api.w.org\/{rel}","templated":true}]}}