{"id":390,"date":"2018-04-03T09:13:50","date_gmt":"2018-04-03T09:13:50","guid":{"rendered":"https:\/\/pomagajmi.si\/?page_id=390"},"modified":"2018-04-03T09:35:16","modified_gmt":"2018-04-03T09:35:16","slug":"kosarica","status":"publish","type":"page","link":"https:\/\/pomagajmi.si\/de\/kosarica\/","title":{"rendered":"Ko\u0161arica"},"content":{"rendered":"\n","protected":false},"excerpt":{"rendered":"","protected":false},"author":1,"featured_media":0,"parent":0,"menu_order":0,"comment_status":"closed","ping_status":"closed","template":"","meta":{"footnotes":""},"class_list":["post-390","page","type-page","status-publish","hentry"],"yoast_head":"<!-- This site is optimized with the Yoast SEO plugin v21.5 - https:\/\/yoast.com\/wordpress\/plugins\/seo\/ -->\n<title>Ko\u0161arica - POMAGAJ MI Z IGRO DO ZNANJA<\/title>\n<meta name=\"robots\" content=\"index, follow, max-snippet:-1, max-image-preview:large, max-video-preview:-1\" \/>\n<link rel=\"canonical\" href=\"https:\/\/pomagajmi.si\/kosarica\/\" \/>\n<meta property=\"og:locale\" content=\"de_DE\" \/>\n<meta property=\"og:type\" content=\"article\" \/>\n<meta property=\"og:title\" content=\"Ko\u0161arica - POMAGAJ MI Z IGRO DO ZNANJA\" \/>\n<meta property=\"og:url\" content=\"https:\/\/pomagajmi.si\/kosarica\/\" \/>\n<meta property=\"og:site_name\" content=\"POMAGAJ MI Z IGRO DO ZNANJA\" \/>\n<meta property=\"article:modified_time\" content=\"2018-04-03T09:35:16+00:00\" \/>\n<meta name=\"twitter:card\" content=\"summary_large_image\" \/>\n<script type=\"application\/ld+json\" class=\"yoast-schema-graph\">{\"@context\":\"https:\/\/schema.org\",\"@graph\":[{\"@type\":\"WebPage\",\"@id\":\"https:\/\/pomagajmi.si\/kosarica\/\",\"url\":\"https:\/\/pomagajmi.si\/kosarica\/\",\"name\":\"Ko\u0161arica - POMAGAJ MI Z IGRO DO ZNANJA\",\"isPartOf\":{\"@id\":\"https:\/\/pomagajmi.si\/#website\"},\"datePublished\":\"2018-04-03T09:13:50+00:00\",\"dateModified\":\"2018-04-03T09:35:16+00:00\",\"breadcrumb\":{\"@id\":\"https:\/\/pomagajmi.si\/kosarica\/#breadcrumb\"},\"inLanguage\":\"de\",\"potentialAction\":[{\"@type\":\"ReadAction\",\"target\":[\"https:\/\/pomagajmi.si\/kosarica\/\"]}]},{\"@type\":\"BreadcrumbList\",\"@id\":\"https:\/\/pomagajmi.si\/kosarica\/#breadcrumb\",\"itemListElement\":[{\"@type\":\"ListItem\",\"position\":1,\"name\":\"Domov\",\"item\":\"https:\/\/pomagajmi.si\/de\/\"},{\"@type\":\"ListItem\",\"position\":2,\"name\":\"Ko\u0161arica\"}]},{\"@type\":\"WebSite\",\"@id\":\"https:\/\/pomagajmi.si\/#website\",\"url\":\"https:\/\/pomagajmi.si\/\",\"name\":\"POMAGAJ MI Z IGRO DO ZNANJA\",\"description\":\"U\u010denje je igra, \u010de imate prave igra\u010de.\",\"publisher\":{\"@id\":\"https:\/\/pomagajmi.si\/#organization\"},\"potentialAction\":[{\"@type\":\"SearchAction\",\"target\":{\"@type\":\"EntryPoint\",\"urlTemplate\":\"https:\/\/pomagajmi.si\/?s={search_term_string}\"},\"query-input\":\"required name=search_term_string\"}],\"inLanguage\":\"de\"},{\"@type\":\"Organization\",\"@id\":\"https:\/\/pomagajmi.si\/#organization\",\"name\":\"POMAGAJ MI Z IGRO DO ZNANJA\",\"url\":\"https:\/\/pomagajmi.si\/\",\"logo\":{\"@type\":\"ImageObject\",\"inLanguage\":\"de\",\"@id\":\"https:\/\/pomagajmi.si\/#\/schema\/logo\/image\/\",\"url\":\"https:\/\/pomagajmi.si\/wp-content\/uploads\/2023\/10\/logo-150x150-1.jpg\",\"contentUrl\":\"https:\/\/pomagajmi.si\/wp-content\/uploads\/2023\/10\/logo-150x150-1.jpg\",\"width\":150,\"height\":150,\"caption\":\"POMAGAJ MI Z IGRO DO ZNANJA\"},\"image\":{\"@id\":\"https:\/\/pomagajmi.si\/#\/schema\/logo\/image\/\"}}]}<\/script>\n<!-- \/ Yoast SEO plugin. -->","yoast_head_json":{"title":"Ko\u0161arica - POMAGAJ MI Z IGRO DO ZNANJA","robots":{"index":"index","follow":"follow","max-snippet":"max-snippet:-1","max-image-preview":"max-image-preview:large","max-video-preview":"max-video-preview:-1"},"canonical":"https:\/\/pomagajmi.si\/kosarica\/","og_locale":"de_DE","og_type":"article","og_title":"Ko\u0161arica - POMAGAJ MI Z IGRO DO ZNANJA","og_url":"https:\/\/pomagajmi.si\/kosarica\/","og_site_name":"POMAGAJ MI Z IGRO DO ZNANJA","article_modified_time":"2018-04-03T09:35:16+00:00","twitter_card":"summary_large_image","schema":{"@context":"https:\/\/schema.org","@graph":[{"@type":"WebPage","@id":"https:\/\/pomagajmi.si\/kosarica\/","url":"https:\/\/pomagajmi.si\/kosarica\/","name":"Ko\u0161arica - POMAGAJ MI Z IGRO DO ZNANJA","isPartOf":{"@id":"https:\/\/pomagajmi.si\/#website"},"datePublished":"2018-04-03T09:13:50+00:00","dateModified":"2018-04-03T09:35:16+00:00","breadcrumb":{"@id":"https:\/\/pomagajmi.si\/kosarica\/#breadcrumb"},"inLanguage":"de","potentialAction":[{"@type":"ReadAction","target":["https:\/\/pomagajmi.si\/kosarica\/"]}]},{"@type":"BreadcrumbList","@id":"https:\/\/pomagajmi.si\/kosarica\/#breadcrumb","itemListElement":[{"@type":"ListItem","position":1,"name":"Domov","item":"https:\/\/pomagajmi.si\/de\/"},{"@type":"ListItem","position":2,"name":"Ko\u0161arica"}]},{"@type":"WebSite","@id":"https:\/\/pomagajmi.si\/#website","url":"https:\/\/pomagajmi.si\/","name":"POMAGAJ MI Z IGRO DO ZNANJA","description":"U\u010denje je igra, \u010de imate prave igra\u010de.","publisher":{"@id":"https:\/\/pomagajmi.si\/#organization"},"potentialAction":[{"@type":"SearchAction","target":{"@type":"EntryPoint","urlTemplate":"https:\/\/pomagajmi.si\/?s={search_term_string}"},"query-input":"required name=search_term_string"}],"inLanguage":"de"},{"@type":"Organization","@id":"https:\/\/pomagajmi.si\/#organization","name":"POMAGAJ MI Z IGRO DO ZNANJA","url":"https:\/\/pomagajmi.si\/","logo":{"@type":"ImageObject","inLanguage":"de","@id":"https:\/\/pomagajmi.si\/#\/schema\/logo\/image\/","url":"https:\/\/pomagajmi.si\/wp-content\/uploads\/2023\/10\/logo-150x150-1.jpg","contentUrl":"https:\/\/pomagajmi.si\/wp-content\/uploads\/2023\/10\/logo-150x150-1.jpg","width":150,"height":150,"caption":"POMAGAJ MI Z IGRO DO ZNANJA"},"image":{"@id":"https:\/\/pomagajmi.si\/#\/schema\/logo\/image\/"}}]}},"_links":{"self":[{"href":"https:\/\/pomagajmi.si\/de\/wp-json\/wp\/v2\/pages\/390"}],"collection":[{"href":"https:\/\/pomagajmi.si\/de\/wp-json\/wp\/v2\/pages"}],"about":[{"href":"https:\/\/pomagajmi.si\/de\/wp-json\/wp\/v2\/types\/page"}],"author":[{"embeddable":true,"href":"https:\/\/pomagajmi.si\/de\/wp-json\/wp\/v2\/users\/1"}],"replies":[{"embeddable":true,"href":"https:\/\/pomagajmi.si\/de\/wp-json\/wp\/v2\/comments?post=390"}],"version-history":[{"count":0,"href":"https:\/\/pomagajmi.si\/de\/wp-json\/wp\/v2\/pages\/390\/revisions"}],"wp:attachment":[{"href":"https:\/\/pomagajmi.si\/de\/wp-json\/wp\/v2\/media?parent=390"}],"curies":[{"name":"wp","href":"https:\/\/api.w.org\/{rel}","templated":true}]}}