{"id":18670,"date":"2022-08-18T15:50:15","date_gmt":"2022-08-18T15:50:15","guid":{"rendered":"https:\/\/pomagajmi.si\/izdelek\/set-skarij-9-motivov\/"},"modified":"2023-04-15T14:20:14","modified_gmt":"2023-04-15T12:20:14","slug":"set-skarij-9-motivov","status":"publish","type":"product","link":"https:\/\/pomagajmi.si\/de\/product\/set-skarij-9-motivov\/","title":{"rendered":"Set \u0161karij 9 motivov"},"content":{"rendered":"<p><b><span>Material:<\/span><\/b><span>\u00a0plastika<\/span><br \/>\n<b><span>Mere:<\/span><\/b><span>\u00a016 x 6 cm<\/span><br \/>\n<b><span>Od 3 let<\/span><\/b><\/p>\n","protected":false},"excerpt":{"rendered":"<h2><span>Set \u0161karij za bordure 9 motivov<\/span><\/h2>\n<p><b><span>\u010cudovite obrobe, ki jih<\/span><\/b><br \/>\n<span>izre\u017ee otrok sam &#8211; vo\u0161\u010dilnice, slike, fotografije &#8211; vse izgleda \u0161e lep\u0161e, \u010de je lepo obrobljeno. <\/span><\/p>\n<p><span>Pri multifunkcijskih \u0161karjah lahko otroci izbirajo med 9 razli\u010dnimi rezili.\u00a0Rokovanje je zelo preprosto: rezila lahko zamenjate s pritiskom na gumb.<\/span><\/p>\n","protected":false},"featured_media":18662,"comment_status":"open","ping_status":"closed","template":"","meta":[],"product_cat":[176,175,177],"product_tag":[],"giftcard-category":[],"class_list":["post-18670","product","type-product","status-publish","has-post-thumbnail","hentry","product_cat-3-leta-de","product_cat-5-let-de","product_cat-primerno-za-darilo-de"],"yoast_head":"<!-- This site is optimized with the Yoast SEO plugin v21.5 - https:\/\/yoast.com\/wordpress\/plugins\/seo\/ -->\n<title>Set \u0161karij 9 motivov - POMAGAJ MI Z IGRO DO ZNANJA<\/title>\n<meta name=\"robots\" content=\"index, follow, max-snippet:-1, max-image-preview:large, max-video-preview:-1\" \/>\n<link rel=\"canonical\" href=\"https:\/\/pomagajmi.si\/de\/product\/set-skarij-9-motivov\/\" \/>\n<meta property=\"og:locale\" content=\"de_DE\" \/>\n<meta property=\"og:type\" content=\"article\" \/>\n<meta property=\"og:title\" content=\"Set \u0161karij 9 motivov - POMAGAJ MI Z IGRO DO ZNANJA\" \/>\n<meta property=\"og:description\" content=\"Set \u0161karij za bordure 9 motivov \u010cudovite obrobe, ki jih izre\u017ee otrok sam - vo\u0161\u010dilnice, slike, fotografije - vse izgleda \u0161e lep\u0161e, \u010de je lepo obrobljeno.   Pri multifunkcijskih \u0161karjah lahko otroci izbirajo med 9 razli\u010dnimi rezili.\u00a0Rokovanje je zelo preprosto: rezila lahko zamenjate s pritiskom na gumb.\" \/>\n<meta property=\"og:url\" content=\"https:\/\/pomagajmi.si\/de\/product\/set-skarij-9-motivov\/\" \/>\n<meta property=\"og:site_name\" content=\"POMAGAJ MI Z IGRO DO ZNANJA\" \/>\n<meta property=\"article:modified_time\" content=\"2023-04-15T12:20:14+00:00\" \/>\n<meta property=\"og:image\" content=\"https:\/\/pomagajmi.si\/wp-content\/uploads\/2022\/08\/EDUPLAY-SET-SKARIJ-2.jpg\" \/>\n\t<meta property=\"og:image:width\" content=\"600\" \/>\n\t<meta property=\"og:image:height\" content=\"600\" \/>\n\t<meta property=\"og:image:type\" content=\"image\/jpeg\" \/>\n<meta name=\"twitter:card\" content=\"summary_large_image\" \/>\n<meta name=\"twitter:label1\" content=\"Gesch\u00e4tzte Lesezeit\" \/>\n\t<meta name=\"twitter:data1\" content=\"1\u00a0Minute\" \/>\n<script type=\"application\/ld+json\" class=\"yoast-schema-graph\">{\"@context\":\"https:\/\/schema.org\",\"@graph\":[{\"@type\":\"WebPage\",\"@id\":\"https:\/\/pomagajmi.si\/de\/product\/set-skarij-9-motivov\/\",\"url\":\"https:\/\/pomagajmi.si\/de\/product\/set-skarij-9-motivov\/\",\"name\":\"Set \u0161karij 9 motivov - POMAGAJ MI Z IGRO DO ZNANJA\",\"isPartOf\":{\"@id\":\"https:\/\/pomagajmi.si\/#website\"},\"datePublished\":\"2022-08-18T15:50:15+00:00\",\"dateModified\":\"2023-04-15T12:20:14+00:00\",\"breadcrumb\":{\"@id\":\"https:\/\/pomagajmi.si\/de\/product\/set-skarij-9-motivov\/#breadcrumb\"},\"inLanguage\":\"de\",\"potentialAction\":[{\"@type\":\"ReadAction\",\"target\":[\"https:\/\/pomagajmi.si\/de\/product\/set-skarij-9-motivov\/\"]}]},{\"@type\":\"BreadcrumbList\",\"@id\":\"https:\/\/pomagajmi.si\/de\/product\/set-skarij-9-motivov\/#breadcrumb\",\"itemListElement\":[{\"@type\":\"ListItem\",\"position\":1,\"name\":\"Domov\",\"item\":\"https:\/\/pomagajmi.si\/de\/\"},{\"@type\":\"ListItem\",\"position\":2,\"name\":\"Shop\",\"item\":\"https:\/\/pomagajmi.si\/de\/\"},{\"@type\":\"ListItem\",\"position\":3,\"name\":\"Set \u0161karij 9 motivov\"}]},{\"@type\":\"WebSite\",\"@id\":\"https:\/\/pomagajmi.si\/#website\",\"url\":\"https:\/\/pomagajmi.si\/\",\"name\":\"POMAGAJ MI Z IGRO DO ZNANJA\",\"description\":\"U\u010denje je igra, \u010de imate prave igra\u010de.\",\"publisher\":{\"@id\":\"https:\/\/pomagajmi.si\/#organization\"},\"potentialAction\":[{\"@type\":\"SearchAction\",\"target\":{\"@type\":\"EntryPoint\",\"urlTemplate\":\"https:\/\/pomagajmi.si\/?s={search_term_string}\"},\"query-input\":\"required name=search_term_string\"}],\"inLanguage\":\"de\"},{\"@type\":\"Organization\",\"@id\":\"https:\/\/pomagajmi.si\/#organization\",\"name\":\"POMAGAJ MI Z IGRO DO ZNANJA\",\"url\":\"https:\/\/pomagajmi.si\/\",\"logo\":{\"@type\":\"ImageObject\",\"inLanguage\":\"de\",\"@id\":\"https:\/\/pomagajmi.si\/#\/schema\/logo\/image\/\",\"url\":\"https:\/\/pomagajmi.si\/wp-content\/uploads\/2023\/10\/logo-150x150-1.jpg\",\"contentUrl\":\"https:\/\/pomagajmi.si\/wp-content\/uploads\/2023\/10\/logo-150x150-1.jpg\",\"width\":150,\"height\":150,\"caption\":\"POMAGAJ MI Z IGRO DO ZNANJA\"},\"image\":{\"@id\":\"https:\/\/pomagajmi.si\/#\/schema\/logo\/image\/\"}}]}<\/script>\n<!-- \/ Yoast SEO plugin. -->","yoast_head_json":{"title":"Set \u0161karij 9 motivov - POMAGAJ MI Z IGRO DO ZNANJA","robots":{"index":"index","follow":"follow","max-snippet":"max-snippet:-1","max-image-preview":"max-image-preview:large","max-video-preview":"max-video-preview:-1"},"canonical":"https:\/\/pomagajmi.si\/de\/product\/set-skarij-9-motivov\/","og_locale":"de_DE","og_type":"article","og_title":"Set \u0161karij 9 motivov - POMAGAJ MI Z IGRO DO ZNANJA","og_description":"Set \u0161karij za bordure 9 motivov \u010cudovite obrobe, ki jih izre\u017ee otrok sam - vo\u0161\u010dilnice, slike, fotografije - vse izgleda \u0161e lep\u0161e, \u010de je lepo obrobljeno.   Pri multifunkcijskih \u0161karjah lahko otroci izbirajo med 9 razli\u010dnimi rezili.\u00a0Rokovanje je zelo preprosto: rezila lahko zamenjate s pritiskom na gumb.","og_url":"https:\/\/pomagajmi.si\/de\/product\/set-skarij-9-motivov\/","og_site_name":"POMAGAJ MI Z IGRO DO ZNANJA","article_modified_time":"2023-04-15T12:20:14+00:00","og_image":[{"width":600,"height":600,"url":"https:\/\/pomagajmi.si\/wp-content\/uploads\/2022\/08\/EDUPLAY-SET-SKARIJ-2.jpg","type":"image\/jpeg"}],"twitter_card":"summary_large_image","twitter_misc":{"Gesch\u00e4tzte Lesezeit":"1\u00a0Minute"},"schema":{"@context":"https:\/\/schema.org","@graph":[{"@type":"WebPage","@id":"https:\/\/pomagajmi.si\/de\/product\/set-skarij-9-motivov\/","url":"https:\/\/pomagajmi.si\/de\/product\/set-skarij-9-motivov\/","name":"Set \u0161karij 9 motivov - POMAGAJ MI Z IGRO DO ZNANJA","isPartOf":{"@id":"https:\/\/pomagajmi.si\/#website"},"datePublished":"2022-08-18T15:50:15+00:00","dateModified":"2023-04-15T12:20:14+00:00","breadcrumb":{"@id":"https:\/\/pomagajmi.si\/de\/product\/set-skarij-9-motivov\/#breadcrumb"},"inLanguage":"de","potentialAction":[{"@type":"ReadAction","target":["https:\/\/pomagajmi.si\/de\/product\/set-skarij-9-motivov\/"]}]},{"@type":"BreadcrumbList","@id":"https:\/\/pomagajmi.si\/de\/product\/set-skarij-9-motivov\/#breadcrumb","itemListElement":[{"@type":"ListItem","position":1,"name":"Domov","item":"https:\/\/pomagajmi.si\/de\/"},{"@type":"ListItem","position":2,"name":"Shop","item":"https:\/\/pomagajmi.si\/de\/"},{"@type":"ListItem","position":3,"name":"Set \u0161karij 9 motivov"}]},{"@type":"WebSite","@id":"https:\/\/pomagajmi.si\/#website","url":"https:\/\/pomagajmi.si\/","name":"POMAGAJ MI Z IGRO DO ZNANJA","description":"U\u010denje je igra, \u010de imate prave igra\u010de.","publisher":{"@id":"https:\/\/pomagajmi.si\/#organization"},"potentialAction":[{"@type":"SearchAction","target":{"@type":"EntryPoint","urlTemplate":"https:\/\/pomagajmi.si\/?s={search_term_string}"},"query-input":"required name=search_term_string"}],"inLanguage":"de"},{"@type":"Organization","@id":"https:\/\/pomagajmi.si\/#organization","name":"POMAGAJ MI Z IGRO DO ZNANJA","url":"https:\/\/pomagajmi.si\/","logo":{"@type":"ImageObject","inLanguage":"de","@id":"https:\/\/pomagajmi.si\/#\/schema\/logo\/image\/","url":"https:\/\/pomagajmi.si\/wp-content\/uploads\/2023\/10\/logo-150x150-1.jpg","contentUrl":"https:\/\/pomagajmi.si\/wp-content\/uploads\/2023\/10\/logo-150x150-1.jpg","width":150,"height":150,"caption":"POMAGAJ MI Z IGRO DO ZNANJA"},"image":{"@id":"https:\/\/pomagajmi.si\/#\/schema\/logo\/image\/"}}]}},"_links":{"self":[{"href":"https:\/\/pomagajmi.si\/de\/wp-json\/wp\/v2\/product\/18670"}],"collection":[{"href":"https:\/\/pomagajmi.si\/de\/wp-json\/wp\/v2\/product"}],"about":[{"href":"https:\/\/pomagajmi.si\/de\/wp-json\/wp\/v2\/types\/product"}],"replies":[{"embeddable":true,"href":"https:\/\/pomagajmi.si\/de\/wp-json\/wp\/v2\/comments?post=18670"}],"wp:featuredmedia":[{"embeddable":true,"href":"https:\/\/pomagajmi.si\/de\/wp-json\/wp\/v2\/media\/18662"}],"wp:attachment":[{"href":"https:\/\/pomagajmi.si\/de\/wp-json\/wp\/v2\/media?parent=18670"}],"wp:term":[{"taxonomy":"product_cat","embeddable":true,"href":"https:\/\/pomagajmi.si\/de\/wp-json\/wp\/v2\/product_cat?post=18670"},{"taxonomy":"product_tag","embeddable":true,"href":"https:\/\/pomagajmi.si\/de\/wp-json\/wp\/v2\/product_tag?post=18670"},{"taxonomy":"giftcard-category","embeddable":true,"href":"https:\/\/pomagajmi.si\/de\/wp-json\/wp\/v2\/giftcard-category?post=18670"}],"curies":[{"name":"wp","href":"https:\/\/api.w.org\/{rel}","templated":true}]}}