{"id":15104,"date":"2022-01-12T16:05:20","date_gmt":"2022-01-12T16:05:20","guid":{"rendered":"https:\/\/pomagajmi.si\/?page_id=15104"},"modified":"2022-01-13T22:53:43","modified_gmt":"2022-01-13T22:53:43","slug":"stalnost-predmeta","status":"publish","type":"page","link":"https:\/\/pomagajmi.si\/en\/stalnost-predmeta\/","title":{"rendered":"Stalnost predmeta"},"content":{"rendered":"<p>Stalnost predmeta je eden od pomembnih razvojnih mejnikov pri otroku.<br \/>\nNa kratko, stalnost predmeta pomeni, da dojen\u010dek razume, da stvari, ki jih ne more videti &#8211; ti, njihova skodelica, hi\u0161ni ljubljen\u010dek &#8211; \u0161e vedno obstajajo.<\/p>\n<p>\u010ce skrivate najljub\u0161o igra\u010do, ko se igrate z majhnim dojen\u010dkom, kaj se zgodi? Morda se zdijo na kratko zmedeni ali razburjeni, a potem hitro izgubijo interes. In to zato, ker se ne zavedajo, da predmet obstaja tudi, \u010de ga ne vidijo.<\/p>\n<p>Ko dojen\u010dek dojame stalnost predmetov, bo verjetno poiskal igra\u010do ali jo sku\u0161al vrniti nazaj &#8211; ali celo glasno izrazil svoje nezadovoljstvo ob njenem izginotju. To je zato, ker vedo, da igra\u010da \u0161e vedno obstaja!<\/p>\n<p>Razvoj stalnosti predmeta pomaga dojen\u010dku dose\u010di \u0161e bolj \u010dudovite mejnike, vklju\u010dno z:<\/p>\n<p>\u2705 razvojem spomina, raziskovanjem, usvajanjem jezika&#8230;<\/p>\n<p>Ali lahko vpliva tudi na to, kako tvoj dojen\u010dek reagira, ko zapusti\u0161 sobo &#8211; nenadne solze ali krik zvenijo znano?<\/p>\n<p>Ta lo\u010ditvena tesnoba je normalen del razvoja. Igranje dolo\u010denih iger z dojen\u010dkom lahko pomaga, da se nau\u010dijo, da se zagotovo vrne\u0161, tako kot vedno.<\/p>\n<p>Ko bo otrok to doumel, bo morda za\u010deli iskati igra\u010de, ki jih skriva\u0161, se zabaval, odkrival \u200b\u200bali odpiral stvari.<\/p>\n<p>Jean Piaget, otro\u0161ki psiholog in raziskovalec, ki je vpeljal koncept stalnosti objekta, je predlagal, da se ta ve\u0161\u010dina ne razvije, dokler otrok ni star pribli\u017eno 8 mesecev. Toda zdaj je splo\u0161no znano, da dojen\u010dki za\u010dnejo razumeti obstojnost predmetov \u017ee prej &#8211; nekje med 4 in 7 mesecem.<\/p>\n<p style=\"text-align: center;\">\u27a1\ufe0f https:\/\/pomagajmi.si\/izdelek\/imbucare-plosca\/\u2b05\ufe0f<\/p>\n","protected":false},"excerpt":{"rendered":"<p>Stalnost predmeta je eden od pomembnih razvojnih mejnikov pri otroku. Na kratko, stalnost predmeta pomeni, da dojen\u010dek razume, da stvari, ki jih ne more videti &#8211; ti, njihova skodelica, hi\u0161ni ljubljen\u010dek &#8211; \u0161e vedno obstajajo. \u010ce skrivate najljub\u0161o igra\u010do, ko se igrate z majhnim dojen\u010dkom, kaj se zgodi? Morda se zdijo na kratko zmedeni ali [&hellip;]<\/p>\n","protected":false},"author":2,"featured_media":0,"parent":0,"menu_order":0,"comment_status":"closed","ping_status":"closed","template":"","meta":{"footnotes":""},"class_list":["post-15104","page","type-page","status-publish","hentry"],"yoast_head":"<!-- This site is optimized with the Yoast SEO plugin v21.5 - https:\/\/yoast.com\/wordpress\/plugins\/seo\/ -->\n<title>Stalnost predmeta - POMAGAJ MI Z IGRO DO ZNANJA<\/title>\n<meta name=\"robots\" content=\"index, follow, max-snippet:-1, max-image-preview:large, max-video-preview:-1\" \/>\n<link rel=\"canonical\" href=\"https:\/\/pomagajmi.si\/stalnost-predmeta\/\" \/>\n<meta property=\"og:locale\" content=\"en_US\" \/>\n<meta property=\"og:type\" content=\"article\" \/>\n<meta property=\"og:title\" content=\"Stalnost predmeta - POMAGAJ MI Z IGRO DO ZNANJA\" \/>\n<meta property=\"og:description\" content=\"Stalnost predmeta je eden od pomembnih razvojnih mejnikov pri otroku. Na kratko, stalnost predmeta pomeni, da dojen\u010dek razume, da stvari, ki jih ne more videti &#8211; ti, njihova skodelica, hi\u0161ni ljubljen\u010dek &#8211; \u0161e vedno obstajajo. \u010ce skrivate najljub\u0161o igra\u010do, ko se igrate z majhnim dojen\u010dkom, kaj se zgodi? Morda se zdijo na kratko zmedeni ali [&hellip;]\" \/>\n<meta property=\"og:url\" content=\"https:\/\/pomagajmi.si\/stalnost-predmeta\/\" \/>\n<meta property=\"og:site_name\" content=\"POMAGAJ MI Z IGRO DO ZNANJA\" \/>\n<meta property=\"article:modified_time\" content=\"2022-01-13T22:53:43+00:00\" \/>\n<meta name=\"twitter:card\" content=\"summary_large_image\" \/>\n<meta name=\"twitter:label1\" content=\"Est. reading time\" \/>\n\t<meta name=\"twitter:data1\" content=\"2 minutes\" \/>\n<script type=\"application\/ld+json\" class=\"yoast-schema-graph\">{\"@context\":\"https:\/\/schema.org\",\"@graph\":[{\"@type\":\"WebPage\",\"@id\":\"https:\/\/pomagajmi.si\/stalnost-predmeta\/\",\"url\":\"https:\/\/pomagajmi.si\/stalnost-predmeta\/\",\"name\":\"Stalnost predmeta - POMAGAJ MI Z IGRO DO ZNANJA\",\"isPartOf\":{\"@id\":\"https:\/\/pomagajmi.si\/#website\"},\"datePublished\":\"2022-01-12T16:05:20+00:00\",\"dateModified\":\"2022-01-13T22:53:43+00:00\",\"breadcrumb\":{\"@id\":\"https:\/\/pomagajmi.si\/stalnost-predmeta\/#breadcrumb\"},\"inLanguage\":\"en-US\",\"potentialAction\":[{\"@type\":\"ReadAction\",\"target\":[\"https:\/\/pomagajmi.si\/stalnost-predmeta\/\"]}]},{\"@type\":\"BreadcrumbList\",\"@id\":\"https:\/\/pomagajmi.si\/stalnost-predmeta\/#breadcrumb\",\"itemListElement\":[{\"@type\":\"ListItem\",\"position\":1,\"name\":\"Domov\",\"item\":\"https:\/\/pomagajmi.si\/en\/\"},{\"@type\":\"ListItem\",\"position\":2,\"name\":\"STALNOST PREDMETA\"}]},{\"@type\":\"WebSite\",\"@id\":\"https:\/\/pomagajmi.si\/#website\",\"url\":\"https:\/\/pomagajmi.si\/\",\"name\":\"POMAGAJ MI Z IGRO DO ZNANJA\",\"description\":\"U\u010denje je igra, \u010de imate prave igra\u010de.\",\"publisher\":{\"@id\":\"https:\/\/pomagajmi.si\/#organization\"},\"potentialAction\":[{\"@type\":\"SearchAction\",\"target\":{\"@type\":\"EntryPoint\",\"urlTemplate\":\"https:\/\/pomagajmi.si\/?s={search_term_string}\"},\"query-input\":\"required name=search_term_string\"}],\"inLanguage\":\"en-US\"},{\"@type\":\"Organization\",\"@id\":\"https:\/\/pomagajmi.si\/#organization\",\"name\":\"POMAGAJ MI Z IGRO DO ZNANJA\",\"url\":\"https:\/\/pomagajmi.si\/\",\"logo\":{\"@type\":\"ImageObject\",\"inLanguage\":\"en-US\",\"@id\":\"https:\/\/pomagajmi.si\/#\/schema\/logo\/image\/\",\"url\":\"https:\/\/pomagajmi.si\/wp-content\/uploads\/2023\/10\/logo-150x150-1.jpg\",\"contentUrl\":\"https:\/\/pomagajmi.si\/wp-content\/uploads\/2023\/10\/logo-150x150-1.jpg\",\"width\":150,\"height\":150,\"caption\":\"POMAGAJ MI Z IGRO DO ZNANJA\"},\"image\":{\"@id\":\"https:\/\/pomagajmi.si\/#\/schema\/logo\/image\/\"}}]}<\/script>\n<!-- \/ Yoast SEO plugin. -->","yoast_head_json":{"title":"Stalnost predmeta - POMAGAJ MI Z IGRO DO ZNANJA","robots":{"index":"index","follow":"follow","max-snippet":"max-snippet:-1","max-image-preview":"max-image-preview:large","max-video-preview":"max-video-preview:-1"},"canonical":"https:\/\/pomagajmi.si\/stalnost-predmeta\/","og_locale":"en_US","og_type":"article","og_title":"Stalnost predmeta - POMAGAJ MI Z IGRO DO ZNANJA","og_description":"Stalnost predmeta je eden od pomembnih razvojnih mejnikov pri otroku. Na kratko, stalnost predmeta pomeni, da dojen\u010dek razume, da stvari, ki jih ne more videti &#8211; ti, njihova skodelica, hi\u0161ni ljubljen\u010dek &#8211; \u0161e vedno obstajajo. \u010ce skrivate najljub\u0161o igra\u010do, ko se igrate z majhnim dojen\u010dkom, kaj se zgodi? Morda se zdijo na kratko zmedeni ali [&hellip;]","og_url":"https:\/\/pomagajmi.si\/stalnost-predmeta\/","og_site_name":"POMAGAJ MI Z IGRO DO ZNANJA","article_modified_time":"2022-01-13T22:53:43+00:00","twitter_card":"summary_large_image","twitter_misc":{"Est. reading time":"2 minutes"},"schema":{"@context":"https:\/\/schema.org","@graph":[{"@type":"WebPage","@id":"https:\/\/pomagajmi.si\/stalnost-predmeta\/","url":"https:\/\/pomagajmi.si\/stalnost-predmeta\/","name":"Stalnost predmeta - POMAGAJ MI Z IGRO DO ZNANJA","isPartOf":{"@id":"https:\/\/pomagajmi.si\/#website"},"datePublished":"2022-01-12T16:05:20+00:00","dateModified":"2022-01-13T22:53:43+00:00","breadcrumb":{"@id":"https:\/\/pomagajmi.si\/stalnost-predmeta\/#breadcrumb"},"inLanguage":"en-US","potentialAction":[{"@type":"ReadAction","target":["https:\/\/pomagajmi.si\/stalnost-predmeta\/"]}]},{"@type":"BreadcrumbList","@id":"https:\/\/pomagajmi.si\/stalnost-predmeta\/#breadcrumb","itemListElement":[{"@type":"ListItem","position":1,"name":"Domov","item":"https:\/\/pomagajmi.si\/en\/"},{"@type":"ListItem","position":2,"name":"STALNOST PREDMETA"}]},{"@type":"WebSite","@id":"https:\/\/pomagajmi.si\/#website","url":"https:\/\/pomagajmi.si\/","name":"POMAGAJ MI Z IGRO DO ZNANJA","description":"U\u010denje je igra, \u010de imate prave igra\u010de.","publisher":{"@id":"https:\/\/pomagajmi.si\/#organization"},"potentialAction":[{"@type":"SearchAction","target":{"@type":"EntryPoint","urlTemplate":"https:\/\/pomagajmi.si\/?s={search_term_string}"},"query-input":"required name=search_term_string"}],"inLanguage":"en-US"},{"@type":"Organization","@id":"https:\/\/pomagajmi.si\/#organization","name":"POMAGAJ MI Z IGRO DO ZNANJA","url":"https:\/\/pomagajmi.si\/","logo":{"@type":"ImageObject","inLanguage":"en-US","@id":"https:\/\/pomagajmi.si\/#\/schema\/logo\/image\/","url":"https:\/\/pomagajmi.si\/wp-content\/uploads\/2023\/10\/logo-150x150-1.jpg","contentUrl":"https:\/\/pomagajmi.si\/wp-content\/uploads\/2023\/10\/logo-150x150-1.jpg","width":150,"height":150,"caption":"POMAGAJ MI Z IGRO DO ZNANJA"},"image":{"@id":"https:\/\/pomagajmi.si\/#\/schema\/logo\/image\/"}}]}},"_links":{"self":[{"href":"https:\/\/pomagajmi.si\/en\/wp-json\/wp\/v2\/pages\/15104"}],"collection":[{"href":"https:\/\/pomagajmi.si\/en\/wp-json\/wp\/v2\/pages"}],"about":[{"href":"https:\/\/pomagajmi.si\/en\/wp-json\/wp\/v2\/types\/page"}],"author":[{"embeddable":true,"href":"https:\/\/pomagajmi.si\/en\/wp-json\/wp\/v2\/users\/2"}],"replies":[{"embeddable":true,"href":"https:\/\/pomagajmi.si\/en\/wp-json\/wp\/v2\/comments?post=15104"}],"version-history":[{"count":0,"href":"https:\/\/pomagajmi.si\/en\/wp-json\/wp\/v2\/pages\/15104\/revisions"}],"wp:attachment":[{"href":"https:\/\/pomagajmi.si\/en\/wp-json\/wp\/v2\/media?parent=15104"}],"curies":[{"name":"wp","href":"https:\/\/api.w.org\/{rel}","templated":true}]}}