{"id":16280,"date":"2022-02-08T12:46:36","date_gmt":"2022-02-08T12:46:36","guid":{"rendered":"https:\/\/pomagajmi.si\/izdelek\/16196\/"},"modified":"2022-02-08T12:46:36","modified_gmt":"2022-02-08T12:46:36","slug":"16196","status":"publish","type":"product","link":"https:\/\/pomagajmi.si\/en\/product\/16196\/","title":{"rendered":"Kako stra\u0161na je (v resnici) tema"},"content":{"rendered":"<p style=\"text-align: left;\">Avtorica: Anna Milbourne<br \/>\nIlustrator: Daniel Rieley<br \/>\nFormat:230 x 290 mm<br \/>\nObseg: 32 barvnih strani<br \/>\nVezava: trda<br \/>\nISBN:978-961-6864-55-8<br \/>\nCena:22,90 EUR<\/p>\n","protected":false},"excerpt":{"rendered":"<p>&nbsp;<\/p>\n<p>Avtorica: Anna Milbourne<\/p>\n<p>Prevod: Bo\u0161tjan Gorenc<\/p>\n<p><strong>Mali de\u010dek, ki se boji teme, se soo\u010di s svojim strahom, in spozna, da tema v resnici ni tako grozna, kot se sprva zdi.<\/strong><\/p>\n<p>&nbsp;<\/p>\n<p>Veliko otrok se boji teme in glavni junak te ljubke slikanice ni ni\u010d druga\u010den. Ko sonce za\u010dne zahajati in se sence vztrajno ve\u010dajo, se ve\u010da tudi njegov strah. Kaj pre\u017ei v Temi? In ali je Tema res tako stra\u0161na?<\/p>\n<p>V tej slikanici s \u010dudovitimi celostranskimi ilustracijami in s stotinami izrezljanih luknjic spremljamo sicer neustra\u0161nega fanta, ki pa se zelo boji teme, na njegovi poti do odkritja, da ni vse kar se skriva v temi grozno \u2013 v\u010dasih zna biti celo \u010darobno. Navdihujo\u010da zgodba o fantku, ki se soo\u010di s temo, otroke ne le pomirja, ampak jih tudi spodbuja, da spregovorijo o svojih \u010dustvih in skrbeh ter nudi odli\u010dno izhodi\u0161\u010de za pogovor o strahovih in premagovanju le-teh. Izrezljane luknjice nudijo obilico zabave med branjem, hkrati pa tudi prilo\u017enost za poigravanje s sencami, saj jih lahko z lu\u010dko, ki jo ima danes \u017ee skoraj vsakdo tudi na telefonu, pripravimo, da zaple\u0161ejo na steni.<\/p>\n<p>&nbsp;<\/p>\n<p>Knjigico lahko prelista\u0161 tu:<\/p>\n<p><a href=\"https:\/\/issuu.com\/grafenauerzalozba\/docs\/low_res_tema_listalnik_splet\">https:\/\/issuu.com\/grafenauerzalozba\/docs\/low_res_tema_listalnik_splet<\/a><\/p>\n<p style=\"padding-left: 40px;\">\n","protected":false},"featured_media":0,"comment_status":"open","ping_status":"closed","template":"","meta":[],"product_cat":[157,170,104,169,171],"product_tag":[],"giftcard-category":[],"class_list":["post-16280","product","type-product","status-publish","hentry","product_cat-3-leta-en","product_cat-5-let-en","product_cat-books","product_cat-knjige-en","product_cat-novi-izdelki-en"],"yoast_head":"<!-- This site is optimized with the Yoast SEO plugin v21.5 - https:\/\/yoast.com\/wordpress\/plugins\/seo\/ -->\n<title>Kako stra\u0161na je (v resnici) tema - POMAGAJ MI Z IGRO DO ZNANJA<\/title>\n<meta name=\"robots\" content=\"index, follow, max-snippet:-1, max-image-preview:large, max-video-preview:-1\" \/>\n<link rel=\"canonical\" href=\"https:\/\/pomagajmi.si\/product\/16196\/\" \/>\n<meta property=\"og:locale\" content=\"en_US\" \/>\n<meta property=\"og:type\" content=\"article\" \/>\n<meta property=\"og:title\" content=\"Kako stra\u0161na je (v resnici) tema - POMAGAJ MI Z IGRO DO ZNANJA\" \/>\n<meta property=\"og:description\" content=\"&nbsp; Avtorica: Anna Milbourne Prevod: Bo\u0161tjan Gorenc Mali de\u010dek, ki se boji teme, se soo\u010di s svojim strahom, in spozna, da tema v resnici ni tako grozna, kot se sprva zdi. &nbsp; Veliko otrok se boji teme in glavni junak te ljubke slikanice ni ni\u010d druga\u010den. Ko sonce za\u010dne zahajati in se sence vztrajno ve\u010dajo, se ve\u010da tudi njegov strah. Kaj pre\u017ei v Temi? In ali je Tema res tako stra\u0161na? V tej slikanici s \u010dudovitimi celostranskimi ilustracijami in s stotinami izrezljanih luknjic spremljamo sicer neustra\u0161nega fanta, ki pa se zelo boji teme, na njegovi poti do odkritja, da ni vse kar se skriva v temi grozno \u2013 v\u010dasih zna biti celo \u010darobno. Navdihujo\u010da zgodba o fantku, ki se soo\u010di s temo, otroke ne le pomirja, ampak jih tudi spodbuja, da spregovorijo o svojih \u010dustvih in skrbeh ter nudi odli\u010dno izhodi\u0161\u010de za pogovor o strahovih in premagovanju le-teh. Izrezljane luknjice nudijo obilico zabave med branjem, hkrati pa tudi prilo\u017enost za poigravanje s sencami, saj jih lahko z lu\u010dko, ki jo ima danes \u017ee skoraj vsakdo tudi na telefonu, pripravimo, da zaple\u0161ejo na steni. &nbsp; Knjigico lahko prelista\u0161 tu: https:\/\/issuu.com\/grafenauerzalozba\/docs\/low_res_tema_listalnik_splet\" \/>\n<meta property=\"og:url\" content=\"https:\/\/pomagajmi.si\/product\/16196\/\" \/>\n<meta property=\"og:site_name\" content=\"POMAGAJ MI Z IGRO DO ZNANJA\" \/>\n<meta name=\"twitter:card\" content=\"summary_large_image\" \/>\n<script type=\"application\/ld+json\" class=\"yoast-schema-graph\">{\"@context\":\"https:\/\/schema.org\",\"@graph\":[{\"@type\":\"WebPage\",\"@id\":\"https:\/\/pomagajmi.si\/product\/16196\/\",\"url\":\"https:\/\/pomagajmi.si\/product\/16196\/\",\"name\":\"Kako stra\u0161na je (v resnici) tema - POMAGAJ MI Z IGRO DO ZNANJA\",\"isPartOf\":{\"@id\":\"https:\/\/pomagajmi.si\/#website\"},\"datePublished\":\"2022-02-08T12:46:36+00:00\",\"dateModified\":\"2022-02-08T12:46:36+00:00\",\"breadcrumb\":{\"@id\":\"https:\/\/pomagajmi.si\/product\/16196\/#breadcrumb\"},\"inLanguage\":\"en-US\",\"potentialAction\":[{\"@type\":\"ReadAction\",\"target\":[\"https:\/\/pomagajmi.si\/product\/16196\/\"]}]},{\"@type\":\"BreadcrumbList\",\"@id\":\"https:\/\/pomagajmi.si\/product\/16196\/#breadcrumb\",\"itemListElement\":[{\"@type\":\"ListItem\",\"position\":1,\"name\":\"Domov\",\"item\":\"https:\/\/pomagajmi.si\/en\/\"},{\"@type\":\"ListItem\",\"position\":2,\"name\":\"Shop\",\"item\":\"https:\/\/pomagajmi.si\/en\/\"},{\"@type\":\"ListItem\",\"position\":3,\"name\":\"KAKO STRA\u0160NA JE (V RESNICI) TEMA\"}]},{\"@type\":\"WebSite\",\"@id\":\"https:\/\/pomagajmi.si\/#website\",\"url\":\"https:\/\/pomagajmi.si\/\",\"name\":\"POMAGAJ MI Z IGRO DO ZNANJA\",\"description\":\"U\u010denje je igra, \u010de imate prave igra\u010de.\",\"publisher\":{\"@id\":\"https:\/\/pomagajmi.si\/#organization\"},\"potentialAction\":[{\"@type\":\"SearchAction\",\"target\":{\"@type\":\"EntryPoint\",\"urlTemplate\":\"https:\/\/pomagajmi.si\/?s={search_term_string}\"},\"query-input\":\"required name=search_term_string\"}],\"inLanguage\":\"en-US\"},{\"@type\":\"Organization\",\"@id\":\"https:\/\/pomagajmi.si\/#organization\",\"name\":\"POMAGAJ MI Z IGRO DO ZNANJA\",\"url\":\"https:\/\/pomagajmi.si\/\",\"logo\":{\"@type\":\"ImageObject\",\"inLanguage\":\"en-US\",\"@id\":\"https:\/\/pomagajmi.si\/#\/schema\/logo\/image\/\",\"url\":\"https:\/\/pomagajmi.si\/wp-content\/uploads\/2023\/10\/logo-150x150-1.jpg\",\"contentUrl\":\"https:\/\/pomagajmi.si\/wp-content\/uploads\/2023\/10\/logo-150x150-1.jpg\",\"width\":150,\"height\":150,\"caption\":\"POMAGAJ MI Z IGRO DO ZNANJA\"},\"image\":{\"@id\":\"https:\/\/pomagajmi.si\/#\/schema\/logo\/image\/\"}}]}<\/script>\n<!-- \/ Yoast SEO plugin. -->","yoast_head_json":{"title":"Kako stra\u0161na je (v resnici) tema - POMAGAJ MI Z IGRO DO ZNANJA","robots":{"index":"index","follow":"follow","max-snippet":"max-snippet:-1","max-image-preview":"max-image-preview:large","max-video-preview":"max-video-preview:-1"},"canonical":"https:\/\/pomagajmi.si\/product\/16196\/","og_locale":"en_US","og_type":"article","og_title":"Kako stra\u0161na je (v resnici) tema - POMAGAJ MI Z IGRO DO ZNANJA","og_description":"&nbsp; Avtorica: Anna Milbourne Prevod: Bo\u0161tjan Gorenc Mali de\u010dek, ki se boji teme, se soo\u010di s svojim strahom, in spozna, da tema v resnici ni tako grozna, kot se sprva zdi. &nbsp; Veliko otrok se boji teme in glavni junak te ljubke slikanice ni ni\u010d druga\u010den. Ko sonce za\u010dne zahajati in se sence vztrajno ve\u010dajo, se ve\u010da tudi njegov strah. Kaj pre\u017ei v Temi? In ali je Tema res tako stra\u0161na? V tej slikanici s \u010dudovitimi celostranskimi ilustracijami in s stotinami izrezljanih luknjic spremljamo sicer neustra\u0161nega fanta, ki pa se zelo boji teme, na njegovi poti do odkritja, da ni vse kar se skriva v temi grozno \u2013 v\u010dasih zna biti celo \u010darobno. Navdihujo\u010da zgodba o fantku, ki se soo\u010di s temo, otroke ne le pomirja, ampak jih tudi spodbuja, da spregovorijo o svojih \u010dustvih in skrbeh ter nudi odli\u010dno izhodi\u0161\u010de za pogovor o strahovih in premagovanju le-teh. Izrezljane luknjice nudijo obilico zabave med branjem, hkrati pa tudi prilo\u017enost za poigravanje s sencami, saj jih lahko z lu\u010dko, ki jo ima danes \u017ee skoraj vsakdo tudi na telefonu, pripravimo, da zaple\u0161ejo na steni. &nbsp; Knjigico lahko prelista\u0161 tu: https:\/\/issuu.com\/grafenauerzalozba\/docs\/low_res_tema_listalnik_splet","og_url":"https:\/\/pomagajmi.si\/product\/16196\/","og_site_name":"POMAGAJ MI Z IGRO DO ZNANJA","twitter_card":"summary_large_image","schema":{"@context":"https:\/\/schema.org","@graph":[{"@type":"WebPage","@id":"https:\/\/pomagajmi.si\/product\/16196\/","url":"https:\/\/pomagajmi.si\/product\/16196\/","name":"Kako stra\u0161na je (v resnici) tema - POMAGAJ MI Z IGRO DO ZNANJA","isPartOf":{"@id":"https:\/\/pomagajmi.si\/#website"},"datePublished":"2022-02-08T12:46:36+00:00","dateModified":"2022-02-08T12:46:36+00:00","breadcrumb":{"@id":"https:\/\/pomagajmi.si\/product\/16196\/#breadcrumb"},"inLanguage":"en-US","potentialAction":[{"@type":"ReadAction","target":["https:\/\/pomagajmi.si\/product\/16196\/"]}]},{"@type":"BreadcrumbList","@id":"https:\/\/pomagajmi.si\/product\/16196\/#breadcrumb","itemListElement":[{"@type":"ListItem","position":1,"name":"Domov","item":"https:\/\/pomagajmi.si\/en\/"},{"@type":"ListItem","position":2,"name":"Shop","item":"https:\/\/pomagajmi.si\/en\/"},{"@type":"ListItem","position":3,"name":"KAKO STRA\u0160NA JE (V RESNICI) TEMA"}]},{"@type":"WebSite","@id":"https:\/\/pomagajmi.si\/#website","url":"https:\/\/pomagajmi.si\/","name":"POMAGAJ MI Z IGRO DO ZNANJA","description":"U\u010denje je igra, \u010de imate prave igra\u010de.","publisher":{"@id":"https:\/\/pomagajmi.si\/#organization"},"potentialAction":[{"@type":"SearchAction","target":{"@type":"EntryPoint","urlTemplate":"https:\/\/pomagajmi.si\/?s={search_term_string}"},"query-input":"required name=search_term_string"}],"inLanguage":"en-US"},{"@type":"Organization","@id":"https:\/\/pomagajmi.si\/#organization","name":"POMAGAJ MI Z IGRO DO ZNANJA","url":"https:\/\/pomagajmi.si\/","logo":{"@type":"ImageObject","inLanguage":"en-US","@id":"https:\/\/pomagajmi.si\/#\/schema\/logo\/image\/","url":"https:\/\/pomagajmi.si\/wp-content\/uploads\/2023\/10\/logo-150x150-1.jpg","contentUrl":"https:\/\/pomagajmi.si\/wp-content\/uploads\/2023\/10\/logo-150x150-1.jpg","width":150,"height":150,"caption":"POMAGAJ MI Z IGRO DO ZNANJA"},"image":{"@id":"https:\/\/pomagajmi.si\/#\/schema\/logo\/image\/"}}]}},"_links":{"self":[{"href":"https:\/\/pomagajmi.si\/en\/wp-json\/wp\/v2\/product\/16280"}],"collection":[{"href":"https:\/\/pomagajmi.si\/en\/wp-json\/wp\/v2\/product"}],"about":[{"href":"https:\/\/pomagajmi.si\/en\/wp-json\/wp\/v2\/types\/product"}],"replies":[{"embeddable":true,"href":"https:\/\/pomagajmi.si\/en\/wp-json\/wp\/v2\/comments?post=16280"}],"wp:attachment":[{"href":"https:\/\/pomagajmi.si\/en\/wp-json\/wp\/v2\/media?parent=16280"}],"wp:term":[{"taxonomy":"product_cat","embeddable":true,"href":"https:\/\/pomagajmi.si\/en\/wp-json\/wp\/v2\/product_cat?post=16280"},{"taxonomy":"product_tag","embeddable":true,"href":"https:\/\/pomagajmi.si\/en\/wp-json\/wp\/v2\/product_tag?post=16280"},{"taxonomy":"giftcard-category","embeddable":true,"href":"https:\/\/pomagajmi.si\/en\/wp-json\/wp\/v2\/giftcard-category?post=16280"}],"curies":[{"name":"wp","href":"https:\/\/api.w.org\/{rel}","templated":true}]}}